{"id":183,"date":"2017-04-05T22:11:25","date_gmt":"2017-04-05T22:11:25","guid":{"rendered":"http:\/\/kreativ-mit-sinn.de\/?page_id=183"},"modified":"2017-04-05T22:14:31","modified_gmt":"2017-04-05T22:14:31","slug":"kreativtiefe-freitage-fuer-frauen","status":"publish","type":"page","link":"http:\/\/kreativ-mit-sinn.de\/?page_id=183","title":{"rendered":"Kreativtiefe Freitage f\u00fcr Frauen"},"content":{"rendered":"<p><img loading=\"lazy\" decoding=\"async\" class=\"alignleft size-full wp-image-176\" src=\"http:\/\/kreativ-mit-sinn.de\/wp-content\/uploads\/2017\/04\/krea-frau.jpg\" alt=\"\" width=\"250\" height=\"250\" srcset=\"http:\/\/kreativ-mit-sinn.de\/wp-content\/uploads\/2017\/04\/krea-frau.jpg 250w, http:\/\/kreativ-mit-sinn.de\/wp-content\/uploads\/2017\/04\/krea-frau-150x150.jpg 150w\" sizes=\"auto, (max-width: 250px) 100vw, 250px\" \/><\/p>\n<p><strong>05.05. Herzliches<\/strong><br \/>\nsich ganz ihrem Herzen widmen, ersp\u00fcrend, malend, sich bewegend, und erkunden, was ihm gerade innewohnt<br \/>\n\u2013 eine au\u00dfergew\u00f6hnliche Perspektive kann sich \u00f6ffnen<\/p>\n<p><strong>02.06. Die Quelle der Kraft<\/strong><br \/>\neine Phantasiereise genie\u00dfen, davon inspiriert ein Bild entstehen lassen und ein kleines Gespr\u00e4ch dazu<br \/>\n\u2013 sich auf angenehme Weise erholen und neue Impulse mitnehmen<\/p>\n<p><strong><br \/>\n30.06. Feldenkrais und Malen<\/strong><br \/>\neine sanfte und dezente Beweglichkeitslektion im Liegen, orientiert an der Feldenkrais-Methode, regt dazu an, eigene innere Erfahrungen und Eindr\u00fccke aufs Papier zu bringen und sich von den Ergebnissen \u00fcberraschen zu lassen<\/p>\n<p><strong>14.07. Was n\u00e4hrt mich?<\/strong><br \/>\ndies erkunden und ersp\u00fcren, eingeleitet von r\u00e4umlichen Impulsen, Wichtiges daraus gestalten oder malen und ein kleiner Austausch dar\u00fcber<br \/>\n\u2013 sich selbst erinnern und best\u00e4rken in dem, was gut tut<\/p>\n<p>Staunen Sie \u00fcber die Einsichten und Erkenntnisse, die Sie durch kreative Methoden entdecken werden.<br \/>\nSie brauchen dazu keine Vorerfahrungen.<br \/>\nauch gut als Einblick in die kreative Therapie geeignet<\/p>\n<p>jeweils 16.00 bis 18.00 Uhr<br \/>\nim ZIP, beim Alten Kornmarkt, Pfluggasse 1 \/ II, 93047 Regensburg<br \/>\nauch einzeln zu buchen<br \/>\nBeitrag: je Nachmittag 20\u20ac, vier Nachmittage 70\u20ac, Erm\u00e4\u00dfigung m\u00f6glich<\/p>\n<p>Wir bleiben in einer kleinen Gruppe bis 6 Frauen.<br \/>\nWohlf\u00fchlkleidung und Schuhe f\u00fcr drinnen empfehlenswert<br \/>\nInformationen und Anmeldung:<br \/>\nTel.: 09401\/9539355 \/ <a href=\"mailto:info@kreativ-mit-Sinn.de\">info@kreativ-mit-Sinn.de<\/a><\/p>\n<p>Mit Ihrer Anmeldung erkl\u00e4ren Sie, dass Sie f\u00fcr sich selbst haften und die volle Verantwortung f\u00fcr Ihre Teilnahme \u00fcbernehmen.<\/p>\n","protected":false},"excerpt":{"rendered":"<p>05.05. Herzliches sich ganz ihrem Herzen widmen, ersp\u00fcrend, malend, sich bewegend, und erkunden, was ihm gerade innewohnt \u2013 eine au\u00dfergew\u00f6hnliche Perspektive kann sich \u00f6ffnen 02.06. Die Quelle der Kraft eine Phantasiereise genie\u00dfen, davon inspiriert ein Bild entstehen lassen und ein kleines Gespr\u00e4ch dazu \u2013 sich auf angenehme Weise erholen und neue Impulse mitnehmen 30.06. Feldenkrais <a class=\"read-more\" href=\"http:\/\/kreativ-mit-sinn.de\/?page_id=183\">mehr<\/a><\/p>\n","protected":false},"author":1,"featured_media":0,"parent":6,"menu_order":0,"comment_status":"closed","ping_status":"closed","template":"","meta":{"footnotes":""},"class_list":["post-183","page","type-page","status-publish","hentry"],"_links":{"self":[{"href":"http:\/\/kreativ-mit-sinn.de\/index.php?rest_route=\/wp\/v2\/pages\/183","targetHints":{"allow":["GET"]}}],"collection":[{"href":"http:\/\/kreativ-mit-sinn.de\/index.php?rest_route=\/wp\/v2\/pages"}],"about":[{"href":"http:\/\/kreativ-mit-sinn.de\/index.php?rest_route=\/wp\/v2\/types\/page"}],"author":[{"embeddable":true,"href":"http:\/\/kreativ-mit-sinn.de\/index.php?rest_route=\/wp\/v2\/users\/1"}],"replies":[{"embeddable":true,"href":"http:\/\/kreativ-mit-sinn.de\/index.php?rest_route=%2Fwp%2Fv2%2Fcomments&post=183"}],"version-history":[{"count":3,"href":"http:\/\/kreativ-mit-sinn.de\/index.php?rest_route=\/wp\/v2\/pages\/183\/revisions"}],"predecessor-version":[{"id":187,"href":"http:\/\/kreativ-mit-sinn.de\/index.php?rest_route=\/wp\/v2\/pages\/183\/revisions\/187"}],"up":[{"embeddable":true,"href":"http:\/\/kreativ-mit-sinn.de\/index.php?rest_route=\/wp\/v2\/pages\/6"}],"wp:attachment":[{"href":"http:\/\/kreativ-mit-sinn.de\/index.php?rest_route=%2Fwp%2Fv2%2Fmedia&parent=183"}],"curies":[{"name":"wp","href":"https:\/\/api.w.org\/{rel}","templated":true}]}}