{"id":280,"date":"2019-02-01T17:13:27","date_gmt":"2019-02-01T17:13:27","guid":{"rendered":"http:\/\/kreativ-mit-sinn.de\/?page_id=280"},"modified":"2022-07-11T21:16:48","modified_gmt":"2022-07-11T21:16:48","slug":"kreative-kurse-fuer-kinder-2019","status":"publish","type":"page","link":"http:\/\/kreativ-mit-sinn.de\/?page_id=280","title":{"rendered":"Kreative Kurse f\u00fcr Kinder 2019"},"content":{"rendered":"<p><img loading=\"lazy\" decoding=\"async\" class=\"alignleft size-full wp-image-267\" src=\"http:\/\/kreativ-mit-sinn.de\/wp-content\/uploads\/2019\/02\/kinder2019.jpg\" alt=\"\" width=\"250\" height=\"250\" srcset=\"http:\/\/kreativ-mit-sinn.de\/wp-content\/uploads\/2019\/02\/kinder2019.jpg 250w, http:\/\/kreativ-mit-sinn.de\/wp-content\/uploads\/2019\/02\/kinder2019-150x150.jpg 150w\" sizes=\"auto, (max-width: 250px) 100vw, 250px\" \/><\/p>\n<p>&nbsp;<\/p>\n<p>Da ich meine kreativtp\u00e4dagogische T\u00e4tigkeit mit besonders belasteten Kindern im Kinderzentrum St. Vincent Regensburg fortsetze, biete ich bis auf Weiteres keine Kurse mehr f\u00fcr Kinder an.<\/p>\n<p>Gerne k\u00f6nnen Sie allerdings Einzelstunden f\u00fcr Ihr Kind mit mir vereinbaren.<\/p>\n","protected":false},"excerpt":{"rendered":"<p>&nbsp; Da ich meine kreativtp\u00e4dagogische T\u00e4tigkeit mit besonders belasteten Kindern im Kinderzentrum St. Vincent Regensburg fortsetze, biete ich bis auf Weiteres keine Kurse mehr f\u00fcr Kinder an. Gerne k\u00f6nnen Sie allerdings Einzelstunden f\u00fcr Ihr Kind mit mir vereinbaren.<\/p>\n","protected":false},"author":1,"featured_media":0,"parent":6,"menu_order":0,"comment_status":"closed","ping_status":"closed","template":"","meta":{"footnotes":""},"class_list":["post-280","page","type-page","status-publish","hentry"],"_links":{"self":[{"href":"http:\/\/kreativ-mit-sinn.de\/index.php?rest_route=\/wp\/v2\/pages\/280","targetHints":{"allow":["GET"]}}],"collection":[{"href":"http:\/\/kreativ-mit-sinn.de\/index.php?rest_route=\/wp\/v2\/pages"}],"about":[{"href":"http:\/\/kreativ-mit-sinn.de\/index.php?rest_route=\/wp\/v2\/types\/page"}],"author":[{"embeddable":true,"href":"http:\/\/kreativ-mit-sinn.de\/index.php?rest_route=\/wp\/v2\/users\/1"}],"replies":[{"embeddable":true,"href":"http:\/\/kreativ-mit-sinn.de\/index.php?rest_route=%2Fwp%2Fv2%2Fcomments&post=280"}],"version-history":[{"count":2,"href":"http:\/\/kreativ-mit-sinn.de\/index.php?rest_route=\/wp\/v2\/pages\/280\/revisions"}],"predecessor-version":[{"id":422,"href":"http:\/\/kreativ-mit-sinn.de\/index.php?rest_route=\/wp\/v2\/pages\/280\/revisions\/422"}],"up":[{"embeddable":true,"href":"http:\/\/kreativ-mit-sinn.de\/index.php?rest_route=\/wp\/v2\/pages\/6"}],"wp:attachment":[{"href":"http:\/\/kreativ-mit-sinn.de\/index.php?rest_route=%2Fwp%2Fv2%2Fmedia&parent=280"}],"curies":[{"name":"wp","href":"https:\/\/api.w.org\/{rel}","templated":true}]}}