{"id":311,"date":"2019-06-23T21:12:29","date_gmt":"2019-06-23T21:12:29","guid":{"rendered":"http:\/\/kreativ-mit-sinn.de\/?page_id=311"},"modified":"2019-06-23T21:16:57","modified_gmt":"2019-06-23T21:16:57","slug":"workshops-fuer-frauen-sommer-herbst-und-winter-2019","status":"publish","type":"page","link":"http:\/\/kreativ-mit-sinn.de\/?page_id=311","title":{"rendered":"Workshops f\u00fcr Frauen Sommer, Herbst und Winter 2019"},"content":{"rendered":"<h4><img loading=\"lazy\" decoding=\"async\" class=\"alignleft size-full wp-image-308\" src=\"http:\/\/kreativ-mit-sinn.de\/wp-content\/uploads\/2019\/06\/winde2019.jpg\" alt=\"\" width=\"250\" height=\"250\" srcset=\"http:\/\/kreativ-mit-sinn.de\/wp-content\/uploads\/2019\/06\/winde2019.jpg 250w, http:\/\/kreativ-mit-sinn.de\/wp-content\/uploads\/2019\/06\/winde2019-150x150.jpg 150w\" sizes=\"auto, (max-width: 250px) 100vw, 250px\" \/><br \/>\n1. \u00dcberblick<br \/>\n2. Formale Details<br \/>\n3. Um was geht`s jeweils?<\/h4>\n<p>&nbsp;<\/p>\n<h4><\/h4>\n<h4>1. \u00dcberblick<\/h4>\n<p>im ZIP Regensburg:<br \/>\nerster Freitag im Monat 19.00 \u2013 21.00 Uhr<br \/>\n<strong>Thema: Werte<\/strong><br \/>\n02.08. Reinheit<br \/>\n06.09. Sch\u00f6nheit<br \/>\n04.10. Freiheit<br \/>\n01.11. W\u00fcrde<br \/>\n06.12. G\u00fcte<\/p>\n<p>zweiter Freitag im Monat 16.00 \u2013 17.30 Uhr<br \/>\n<strong>Thema: Kraft<\/strong><br \/>\n09.08. Ein Ort der Kraft in mir<br \/>\n13.09. Mein Kraft-Baum<br \/>\n11.10. Was tut mir gut?<br \/>\n08.11. Kraft-Mandala<br \/>\n13.12. Ressourcen-Mobile<\/p>\n<p>vierter Freitag im Monat 16.00 \u2013 17.30 Uhr<br \/>\n<strong>biographisches Projekt: Wege<\/strong><br \/>\n27.09. Mein Lebensweg<br \/>\n22.11. Biographie der Freude<\/p>\n<p>&nbsp;<\/p>\n<h4>2. Formale Details<\/h4>\n<p>im ZIP, Am Alten Kornmarkt, Pfluggasse 1, 2.Stock, 93047 Regensburg<br \/>\nN\u00e4he Dom und Parkhaus Dachauplatz<br \/>\nEs gibt auch einen Aufzug.<br \/>\nje Treffen 15\u20ac nachmittags, 20\u20ac abends, incl. Material<br \/>\nbitte in bar zum Kurs mitbringen, gerne passend<br \/>\nSozialtarif m\u00f6glich, bitte sprechen Sie mich darauf an.<br \/>\nSie brauchen keine Vorkenntnisse.<br \/>\nAnmeldung bis vier Tage vor Kursbeginn<br \/>\n<a href=\"mailto:info@kreativ-mit-Sinn.de\">info@kreativ-mit-Sinn.de<\/a><br \/>\n09401 \u2013 9 53 93 55<br \/>\nWir bleiben in einer kleinen Gruppe bis 6 Frauen.<\/p>\n<p>Einzelstunden zu all diesen Themen sind nat\u00fcrlich auch m\u00f6glich, fragen Sie mich einfach.<br \/>\nDiese Angebote eignen sich auch wunderbar, um auszuloten, was ist Kreative Therapie, um was geht es, wie geht es, ist das was f\u00fcr mich?<br \/>\nDa mein Repertoire inzwischen so sehr gewachsen ist, und das Ihrige vielleicht nicht dabei ist, nehme ich gern W\u00fcnsche zu Themen, Methoden oder Wiederholungen auf. Bitte sprechen Sie mich einfach auch darauf an.<\/p>\n<p>&nbsp;<\/p>\n<h4>3. Um was geht\u2019s jeweils? Was machen wir?<\/h4>\n<p><strong>Thema: Werte<\/strong><br \/>\nMir gef\u00e4llt grad die Idee, uns mit diesen sch\u00f6nen Werten st\u00e4rker zu verbinden, uns damit zu besch\u00e4ftigen, sie ins eigene Leben zu pflanzen und sie erstrahlen zu lassen. Daf\u00fcr m\u00f6chte ich gemeinsam einen sch\u00f6pferischen Ausgangspunkt setzen. Das ist die Idee.<br \/>\nWir werden jeweils eine Geschichte, einen Text oder ein Gedicht h\u00f6ren, ein paar Yoga\u00fcbungen oder einen Tanz tanzen, malen oder gestalten, uns Fragen stellen, ein bisschen philosophieren und was mir beizeiten sonst noch zum jeweiligen Thema einf\u00e4llt.<br \/>\n<strong>02.08. Reinheit<\/strong><br \/>\n<strong>06.09. Sch\u00f6nheit<\/strong><br \/>\n<strong>04.10. Freiheit<\/strong><br \/>\n<strong>01.11. W\u00fcrde<\/strong><br \/>\n<strong>06.12. G\u00fcte<\/strong><\/p>\n<p><strong>Thema: Kraft<\/strong><br \/>\n<strong>09.08. Ein Ort der Kraft in mir<\/strong><br \/>\nSie besuchen in einer kleinen K\u00f6rperinnenreise, durch die ich Sie geleite, einen Ort der Kraft. Sie vertiefen sich etwas in sich selbst dadurch. Sie lassen innere Bilder, Ideen, Gedanken, Gef\u00fchle dazu einfach aufkommen und da sein.<br \/>\nNun lassen Sie ein Bild, mit Farbe, auf Papier, entstehen aus Ihren Eindr\u00fccken, ganz spontan, Farben, Formen, Gegenst\u00e4ndliches, so wie es eben in Ihnen auftaucht und sich dann entwickeln mag. Sie d\u00fcrfen darauf vertrauen, dass etwas entsteht.<br \/>\nWir sprechen ein bisschen dar\u00fcber, Sie lassen sich von der Wirkung dessen erfrischen, anregen, inspirieren, wohltun und \u00fcberraschen, was dabei herauskommt.<\/p>\n<p><strong>13.09. Mein Kraft-Baum<\/strong><br \/>\nDer Baum Ihrer Kraft, worin besteht er, wie k\u00f6nnte er aussehen, was braucht er? Diesen Fragen n\u00e4hern wir uns.<br \/>\nIhre Antworten finden sich in der anschlie\u00dfenden Gestaltung Ihres Baumes mit Farben auf Papier wieder.<br \/>\nLassen Sie sich davon st\u00e4rken, ermutigen, begeistern, einladen.<\/p>\n<p><strong>11.10. Was tut mir gut?<\/strong><br \/>\nWas baut mich auf? Was n\u00e4hrt mich, wie man so sch\u00f6n sagt? Was ist mir Nahrung im direkten und indirekten Sinne?<br \/>\nDazu biete ich Ihnen ein r\u00e4umliches Experiment an, mit dessen Hilfe Sie Ihren eigenen Ideen dazu selber gut auf die Spur kommen k\u00f6nnen.<br \/>\nDann gestalten Sie zu Ihren Erforschungen ein Bild, um sich zu st\u00e4rken und dem Kraft zu geben, was gut tut im Leben.<\/p>\n<p><strong>08.11. Kraft-Mandala<\/strong><br \/>\nEin Mandala anschaun, es auf sich wirken lassen, welch eine Wohltat, immer wieder.<br \/>\nSie gestalten selber dieses immerw\u00e4hrende Symbol Ihrer Kraft, so wie Sie es erleben oder sich w\u00fcnschen, aus dem Moment kommend.<br \/>\nFarbig, vielleicht gro\u00df, begleitet und st\u00e4rkt es Sie im Alltag von einem geb\u00fchrenden Platz aus.<br \/>\nVon innen nach au\u00dfen aufs Papier gebracht wirkts dann wieder nach innen, wie gut!<\/p>\n<p><strong>13.12. Ressourcen-Mobile<\/strong><br \/>\nRessourcen, in Aller Munde. Im Duden steht Potential, Reserve, Energie, Bestand, F\u00e4higkeit, Kompetenz.<br \/>\nEin Mobile dazu, eine etwas andere Art sich damit zu besch\u00e4ftigen.<br \/>\nNach einem kleinen Vergegenw\u00e4rtigen Ihrer Kraftquellen fertigen Sie aus Draht, Pappe, Wolle, Papier, Stoff etc. ein Mobile, das in Verbindung steht mit Ihren ganz eigenen Ressourcen.<br \/>\nLassen Sie sich einfach \u00fcberraschen, was dabei entsteht.<\/p>\n<p><strong>biographisches Projekt: Wege<\/strong><br \/>\n<strong>27.09. Mein Lebensweg<\/strong><br \/>\nIch geleite Sie in Fragen und inneren Bildern zu verschiedenen Stationen und Qualit\u00e4ten Ihres bisherigen Lebensweges. Sie sinnieren und kundschaften aus, was es dabei zu entdecken gibt.<br \/>\nDann gestalten Sie damit ein Bild Ihrer inneren Landschaft. Von Ihren Erlebnissen und Ihrem Bild lassen Sie sich f\u00fcr Ihr weiteres Leben inspirieren und beeindrucken. Gibt es einen roten Faden? Taucht Verborgenes auf? \u00c4ndert sich Ihr Blickwinkel? Entdecken Sie!<br \/>\nUnd erz\u00e4hlen Sie uns ein bisschen\u2026 Gespannt und neugierig warten wir.<\/p>\n<p><strong>22.11. Biographie der Freude<\/strong><br \/>\nVor kurzem hab ich mich selber mit der Biographie der Freude und Inspiration in meinem Leben besch\u00e4ftigt, und es hat mir so sehr gut getan, und das macht es noch.<br \/>\nWorin bestand sie, woher kam sie, was waren die intensivsten Momente?<br \/>\nEs warf einen ganz neuen Blick auf mein Leben und hat die ganze Wahrnehmung meines Lebens ver\u00e4ndert. Ich konnte ein kleines Geheimnis darin wiederfinden, das mir gerne immer wieder abhanden kommt.<br \/>\nUnd was ich damit sagen will, es ist bestimmt auch ein spannendes Workshop-Thema f\u00fcr Sie, denk ich mir\u2026<\/p>\n<p>Weitere Informationen und Anmeldung:<br \/>\n<a href=\"mailto:info@kreativ-mit-Sinn.de\">info@kreativ-mit-Sinn.de<\/a><br \/>\n09401 \u2013 9 53 93 55<\/p>\n","protected":false},"excerpt":{"rendered":"<p>1. \u00dcberblick 2. Formale Details 3. Um was geht`s jeweils? &nbsp; 1. \u00dcberblick im ZIP Regensburg: erster Freitag im Monat 19.00 \u2013 21.00 Uhr Thema: Werte 02.08. Reinheit 06.09. Sch\u00f6nheit 04.10. Freiheit 01.11. W\u00fcrde 06.12. G\u00fcte zweiter Freitag im Monat 16.00 \u2013 17.30 Uhr Thema: Kraft 09.08. Ein Ort der Kraft in mir 13.09. Mein <a class=\"read-more\" href=\"http:\/\/kreativ-mit-sinn.de\/?page_id=311\">mehr<\/a><\/p>\n","protected":false},"author":1,"featured_media":0,"parent":6,"menu_order":0,"comment_status":"closed","ping_status":"closed","template":"","meta":{"footnotes":""},"class_list":["post-311","page","type-page","status-publish","hentry"],"_links":{"self":[{"href":"http:\/\/kreativ-mit-sinn.de\/index.php?rest_route=\/wp\/v2\/pages\/311","targetHints":{"allow":["GET"]}}],"collection":[{"href":"http:\/\/kreativ-mit-sinn.de\/index.php?rest_route=\/wp\/v2\/pages"}],"about":[{"href":"http:\/\/kreativ-mit-sinn.de\/index.php?rest_route=\/wp\/v2\/types\/page"}],"author":[{"embeddable":true,"href":"http:\/\/kreativ-mit-sinn.de\/index.php?rest_route=\/wp\/v2\/users\/1"}],"replies":[{"embeddable":true,"href":"http:\/\/kreativ-mit-sinn.de\/index.php?rest_route=%2Fwp%2Fv2%2Fcomments&post=311"}],"version-history":[{"count":5,"href":"http:\/\/kreativ-mit-sinn.de\/index.php?rest_route=\/wp\/v2\/pages\/311\/revisions"}],"predecessor-version":[{"id":317,"href":"http:\/\/kreativ-mit-sinn.de\/index.php?rest_route=\/wp\/v2\/pages\/311\/revisions\/317"}],"up":[{"embeddable":true,"href":"http:\/\/kreativ-mit-sinn.de\/index.php?rest_route=\/wp\/v2\/pages\/6"}],"wp:attachment":[{"href":"http:\/\/kreativ-mit-sinn.de\/index.php?rest_route=%2Fwp%2Fv2%2Fmedia&parent=311"}],"curies":[{"name":"wp","href":"https:\/\/api.w.org\/{rel}","templated":true}]}}