{"id":6,"date":"2016-07-31T22:11:23","date_gmt":"2016-07-31T22:11:23","guid":{"rendered":"http:\/\/kreativ-mit-sinn.de\/?page_id=6"},"modified":"2024-05-22T20:30:53","modified_gmt":"2024-05-22T20:30:53","slug":"aktuelles","status":"publish","type":"page","link":"http:\/\/kreativ-mit-sinn.de\/?page_id=6","title":{"rendered":"Aktuelles"},"content":{"rendered":"<p><a href=\"https:\/\/kreativ-mit-sinn.de\/?page_id=450\"><img loading=\"lazy\" decoding=\"async\" class=\"alignnone size-full wp-image-447\" src=\"http:\/\/kreativ-mit-sinn.de\/wp-content\/uploads\/2024\/05\/B01-80.jpg\" alt=\"\" width=\"80\" height=\"80\" \/><\/a>\u00a0 \u00a0\u00a0 \u00a0\u00a0 <a href=\"https:\/\/kreativ-mit-sinn.de\/?page_id=450\">Workshop-Projekt f\u00fcr Frauen &#8222;Selbstwert st\u00e4rken&#8220; Herbst-Winter 2024<\/a><\/p>\n<p>&nbsp;<\/p>\n<p><img loading=\"lazy\" decoding=\"async\" class=\"alignleft wp-image-334 size-full\" src=\"http:\/\/kreativ-mit-sinn.de\/wp-content\/uploads\/2020\/01\/frueh2020bbu.jpg\" alt=\"\" width=\"80\" height=\"80\" \/><\/p>\n<p>&nbsp;<\/p>\n<p><a href=\"http:\/\/kreativ-mit-sinn.de\/?page_id=320\">Workshops f\u00fcr Frauen Fr\u00fchjahr und Sommer 2020<\/a><\/p>\n<p>&nbsp;<\/p>\n<p><a href=\"http:\/\/kreativ-mit-sinn.de\/?page_id=311\"><img loading=\"lazy\" decoding=\"async\" class=\"alignleft size-full wp-image-309\" src=\"http:\/\/kreativ-mit-sinn.de\/wp-content\/uploads\/2019\/06\/winde2019-bu.jpg\" alt=\"\" width=\"80\" height=\"80\" \/><\/a><\/p>\n<p><a href=\"http:\/\/kreativ-mit-sinn.de\/?page_id=311\">Workshops f\u00fcr Frauen Sommer, Herbst und Winter 2019<\/a><\/p>\n<p>&nbsp;<\/p>\n<p>&nbsp;<\/p>\n<p><a href=\"http:\/\/kreativ-mit-sinn.de\/?page_id=280\"><img loading=\"lazy\" decoding=\"async\" class=\"alignleft wp-image-268 size-full\" src=\"http:\/\/kreativ-mit-sinn.de\/wp-content\/uploads\/2019\/02\/kinder2019-bu.jpg\" alt=\"\" width=\"80\" height=\"80\" \/><\/a><br \/>\n<a href=\"http:\/\/kreativ-mit-sinn.de\/?page_id=280\">Kreative Kurse f\u00fcr Kinder 2019<\/a><\/p>\n<p>&nbsp;<\/p>\n<p><a href=\"http:\/\/kreativ-mit-sinn.de\/?page_id=272\"><img loading=\"lazy\" decoding=\"async\" class=\"alignleft wp-image-265 size-full\" src=\"http:\/\/kreativ-mit-sinn.de\/wp-content\/uploads\/2019\/02\/frauen2019gk.jpg\" alt=\"\" width=\"80\" height=\"80\" \/><\/a><br \/>\n<a href=\"http:\/\/kreativ-mit-sinn.de\/?page_id=272\">Kreative Workshops f\u00fcr Frauen Fr\u00fchling und Sommer 2019<\/a><\/p>\n<p>&nbsp;<\/p>\n<p><a href=\"http:\/\/kreativ-mit-sinn.de\/?page_id=248\"><img loading=\"lazy\" decoding=\"async\" class=\"alignleft size-full wp-image-251\" src=\"http:\/\/kreativ-mit-sinn.de\/wp-content\/uploads\/2018\/06\/ki-2018-bu.jpg\" alt=\"\" width=\"80\" height=\"80\" \/><br \/>\n<\/a><a href=\"http:\/\/kreativ-mit-sinn.de\/?page_id=248\">Kreative Projekte f\u00fcr Kinder 2018<\/a><\/p>\n<p>&nbsp;<\/p>\n<p><a href=\"http:\/\/kreativ-mit-sinn.de\/?page_id=232\"><img loading=\"lazy\" decoding=\"async\" class=\"alignleft size-full wp-image-237\" src=\"http:\/\/kreativ-mit-sinn.de\/wp-content\/uploads\/2018\/06\/2018-bu.jpg\" alt=\"\" width=\"80\" height=\"80\" \/><\/a><a href=\"http:\/\/kreativ-mit-sinn.de\/?page_id=232\"><br \/>\nKreative Workshops f\u00fcr Frauen 2018<\/a><\/p>\n<p>&nbsp;<\/p>\n<p><a href=\"http:\/\/kreativ-mit-sinn.de\/?page_id=213\"><img loading=\"lazy\" decoding=\"async\" class=\"alignleft size-full wp-image-216\" src=\"http:\/\/kreativ-mit-sinn.de\/wp-content\/uploads\/2016\/07\/kringel-fr-bu.jpg\" alt=\"\" width=\"80\" height=\"80\" \/><br \/>\n<\/a><a href=\"http:\/\/kreativ-mit-sinn.de\/?page_id=213\">K\u00fcnstlerische Projekte f\u00fcr Frauen &#8211; November\/Dezember 2017<\/a><\/p>\n<p>&nbsp;<\/p>\n<p><a href=\"http:\/\/kreativ-mit-sinn.de\/?page_id=205\"><img loading=\"lazy\" decoding=\"async\" class=\"alignleft size-full wp-image-208\" src=\"http:\/\/kreativ-mit-sinn.de\/wp-content\/uploads\/2016\/07\/herz-ki-bu.jpg\" alt=\"\" width=\"80\" height=\"80\" \/><br \/>\n<\/a><a href=\"http:\/\/kreativ-mit-sinn.de\/?page_id=205\">K\u00fcnstlerische Kurse und Projekte f\u00fcr Kinder \u2013 November\/Dezember 2017<\/a><\/p>\n<p>&nbsp;<\/p>\n<p><a href=\"http:\/\/kreativ-mit-sinn.de\/?page_id=183\"><img loading=\"lazy\" decoding=\"async\" class=\"alignleft size-full wp-image-177\" src=\"http:\/\/kreativ-mit-sinn.de\/wp-content\/uploads\/2017\/04\/krea-frau-bu.jpg\" alt=\"\" width=\"80\" height=\"80\" \/><\/a><br \/>\n<a href=\"http:\/\/kreativ-mit-sinn.de\/?page_id=183\">Kreativtiefe Freitage f\u00fcr Frauen &#8211; Mai\/Juli 2017<\/a><\/p>\n<p>&nbsp;<\/p>\n<p><a href=\"http:\/\/kreativ-mit-sinn.de\/?page_id=178\"><img loading=\"lazy\" decoding=\"async\" class=\"alignleft size-full wp-image-175\" src=\"http:\/\/kreativ-mit-sinn.de\/wp-content\/uploads\/2017\/04\/ich-bu.jpg\" alt=\"\" width=\"80\" height=\"80\" \/><\/a><br \/>\n<a href=\"http:\/\/kreativ-mit-sinn.de\/?page_id=178\">Ich bin Ich! &#8211; K\u00fcnstlerischer Kurs f\u00fcr Kinder &#8211; Mai\/Juni 2017<\/a><\/p>\n<p>&nbsp;<\/p>\n<p><a href=\"http:\/\/kreativ-mit-sinn.de\/?page_id=159\"><img loading=\"lazy\" decoding=\"async\" class=\"alignleft wp-image-145 size-full\" src=\"http:\/\/kreativ-mit-sinn.de\/wp-content\/uploads\/2016\/07\/zufall-bu.jpg\" width=\"80\" height=\"80\" \/><\/a><a href=\"http:\/\/kreativ-mit-sinn.de\/?page_id=159\"><br \/>\nDem Zufall auf der Spur &#8211; K\u00fcnstlerischer Kurs f\u00fcr Kinder &#8211; Februar\/M\u00e4rz 2017 <\/a><\/p>\n<p>&nbsp;<\/p>\n<p><a href=\"http:\/\/kreativ-mit-sinn.de\/wp-content\/uploads\/2016\/10\/Kreatives-Projekt-fuer-Frauen.pdf\" target=\"_blank\" rel=\"noopener noreferrer\"><img loading=\"lazy\" decoding=\"async\" class=\"alignleft size-full wp-image-141\" src=\"http:\/\/kreativ-mit-sinn.de\/wp-content\/uploads\/2016\/07\/kraut-bu.jpg\" alt=\"\" width=\"80\" height=\"80\" \/><br \/>\nWas w\u00fcnsch ich mir? &#8211; Kreatives Projekt f\u00fcr Frauen &#8211; Oktober\/November 2016<\/a><\/p>\n<p>&nbsp;<\/p>\n<p><a href=\"http:\/\/kreativ-mit-sinn.de\/wp-content\/uploads\/2016\/08\/Projekt-Kuenstler-Degg.pdf\" target=\"_blank\" rel=\"noopener noreferrer\"><img loading=\"lazy\" decoding=\"async\" class=\"alignleft wp-image-140 size-full\" src=\"http:\/\/kreativ-mit-sinn.de\/wp-content\/uploads\/2016\/07\/kuenstler-bu.jpg\" width=\"80\" height=\"80\" \/><\/a><br \/>\n<a href=\"http:\/\/kreativ-mit-sinn.de\/wp-content\/uploads\/2016\/08\/Projekt-Kuenstler-Degg.pdf\" target=\"_blank\" rel=\"noopener noreferrer\">Kleine K\u00fcnstler treffen gro\u00dfe K\u00fcnstler &#8211; K\u00fcnstlerischer Kurs f\u00fcr Kinder &#8211; Oktober\/November 2016<\/a><\/p>\n","protected":false},"excerpt":{"rendered":"<p>\u00a0 \u00a0\u00a0 \u00a0\u00a0 Workshop-Projekt f\u00fcr Frauen &#8222;Selbstwert st\u00e4rken&#8220; Herbst-Winter 2024 &nbsp; &nbsp; Workshops f\u00fcr Frauen Fr\u00fchjahr und Sommer 2020 &nbsp; Workshops f\u00fcr Frauen Sommer, Herbst und Winter 2019 &nbsp; &nbsp; Kreative Kurse f\u00fcr Kinder 2019 &nbsp; Kreative Workshops f\u00fcr Frauen Fr\u00fchling und Sommer 2019 &nbsp; Kreative Projekte f\u00fcr Kinder 2018 &nbsp; Kreative Workshops f\u00fcr Frauen <a class=\"read-more\" href=\"http:\/\/kreativ-mit-sinn.de\/?page_id=6\">mehr<\/a><\/p>\n","protected":false},"author":1,"featured_media":0,"parent":0,"menu_order":2,"comment_status":"closed","ping_status":"closed","template":"template-full-width.php","meta":{"footnotes":""},"class_list":["post-6","page","type-page","status-publish","hentry"],"_links":{"self":[{"href":"http:\/\/kreativ-mit-sinn.de\/index.php?rest_route=\/wp\/v2\/pages\/6","targetHints":{"allow":["GET"]}}],"collection":[{"href":"http:\/\/kreativ-mit-sinn.de\/index.php?rest_route=\/wp\/v2\/pages"}],"about":[{"href":"http:\/\/kreativ-mit-sinn.de\/index.php?rest_route=\/wp\/v2\/types\/page"}],"author":[{"embeddable":true,"href":"http:\/\/kreativ-mit-sinn.de\/index.php?rest_route=\/wp\/v2\/users\/1"}],"replies":[{"embeddable":true,"href":"http:\/\/kreativ-mit-sinn.de\/index.php?rest_route=%2Fwp%2Fv2%2Fcomments&post=6"}],"version-history":[{"count":64,"href":"http:\/\/kreativ-mit-sinn.de\/index.php?rest_route=\/wp\/v2\/pages\/6\/revisions"}],"predecessor-version":[{"id":471,"href":"http:\/\/kreativ-mit-sinn.de\/index.php?rest_route=\/wp\/v2\/pages\/6\/revisions\/471"}],"wp:attachment":[{"href":"http:\/\/kreativ-mit-sinn.de\/index.php?rest_route=%2Fwp%2Fv2%2Fmedia&parent=6"}],"curies":[{"name":"wp","href":"https:\/\/api.w.org\/{rel}","templated":true}]}}