{"id":113,"date":"2016-08-07T21:12:31","date_gmt":"2016-08-07T21:12:31","guid":{"rendered":"http:\/\/kreativ-mit-sinn.de\/?page_id=113"},"modified":"2022-07-26T21:27:32","modified_gmt":"2022-07-26T21:27:32","slug":"kinder","status":"publish","type":"page","link":"https:\/\/kreativ-mit-sinn.de\/?page_id=113","title":{"rendered":"Themen f\u00fcr Jugendliche und Frauen"},"content":{"rendered":"<h4><img loading=\"lazy\" decoding=\"async\" class=\"alignleft wp-image-336 size-full\" src=\"http:\/\/kreativ-mit-sinn.de\/wp-content\/uploads\/2020\/01\/fruehj2020b.jpg\" alt=\"\" width=\"250\" height=\"250\" srcset=\"https:\/\/kreativ-mit-sinn.de\/wp-content\/uploads\/2020\/01\/fruehj2020b.jpg 250w, https:\/\/kreativ-mit-sinn.de\/wp-content\/uploads\/2020\/01\/fruehj2020b-150x150.jpg 150w\" sizes=\"auto, (max-width: 250px) 100vw, 250px\" \/><\/h4>\n<p><strong>Themen, die sich f\u00fcr den Anfang, zum Ausprobieren und Kennenlernen besonders gut eignen:<\/strong><\/p>\n<p>Dem Zufall auf der Spur<\/p>\n<p>Drucken mit verschiedenem Material<\/p>\n<p>Collage aus Zeitschriften<\/p>\n<p>&nbsp;<\/p>\n<p>&nbsp;<\/p>\n<p><strong>Thema Kraft:<\/strong><\/p>\n<p>Mein Kraft-Baum<\/p>\n<p>Ein Ort der Kraft in mir<\/p>\n<p>Die Quelle der Kraft (braucht 90 Minuten)<\/p>\n<p>Was tut mir gut, was n\u00e4hrt mich, was st\u00e4rkt mich?<\/p>\n<p>Ressourcen-Mobile<\/p>\n<p>Ein Ort der Ruhe in mir<\/p>\n<p>Meinem R\u00fccken kreativ begegnen<\/p>\n<p>&nbsp;<\/p>\n<p><strong>Themenbereich Gef\u00fchle:<\/strong><\/p>\n<p>Der Stoff, aus dem Gef\u00fchle sind<\/p>\n<p>Was erz\u00e4hlt mir mein Herz?<\/p>\n<p>Was w\u00fcnsch ich mir?<\/p>\n<p>Mein Tanz der W\u00fcrde<\/p>\n<p>Ein Ort des Vertrauens in mir<\/p>\n<p>Meine Biographie der Freude<\/p>\n<p>&nbsp;<\/p>\n<p><strong>Weiteres: <\/strong><\/p>\n<p>Inspiration zu einer Gestaltung durch ein kleines M\u00e4rchen, eine Geschichte oder ein Gedicht, das ich mitbringe<\/p>\n<p>Mein Lebensweg<\/p>\n<p>Ein Verwandlungsbild<\/p>\n<p>Wenn Du eine \u2026 w\u00e4rst?<\/p>\n<p>Meine Familie<\/p>\n<p>Mein Geheimnis gut bewahren (braucht am besten zwei Treffen)<\/p>\n<p>Einer bestimmten Entscheidung n\u00e4herkommen<\/p>\n<p>Was entsteht gemeinsam?<\/p>\n<p>Der Baum meiner Werte<\/p>\n<p>Ein Beziehungsbild<\/p>\n<p>Der Himmel meiner Tr\u00e4ume<\/p>\n<p>&nbsp;<\/p>\n<p><strong>Buchprojekt:<\/strong><\/p>\n<p>Ein interessantes Buch zusammen lesen, dr\u00fcber sprechen und es als Impuls f\u00fcr Gestaltungen nehmen (braucht am besten ein paar Treffen)<\/p>\n<p>&nbsp;<\/p>\n<p><strong>Gerne k\u00f6nnen Sie auch eigene Themenw\u00fcnsche \u00e4u\u00dfern, und ich schaue, was ich machen kann.<\/strong><\/p>\n","protected":false},"excerpt":{"rendered":"<p>Themen, die sich f\u00fcr den Anfang, zum Ausprobieren und Kennenlernen besonders gut eignen: Dem Zufall auf der Spur Drucken mit verschiedenem Material Collage aus Zeitschriften &nbsp; &nbsp; Thema Kraft: Mein Kraft-Baum Ein Ort der Kraft in mir Die Quelle der Kraft (braucht 90 Minuten) Was tut mir gut, was n\u00e4hrt mich, was st\u00e4rkt mich? Ressourcen-Mobile <a class=\"read-more\" href=\"https:\/\/kreativ-mit-sinn.de\/?page_id=113\">mehr<\/a><\/p>\n","protected":false},"author":1,"featured_media":0,"parent":41,"menu_order":0,"comment_status":"closed","ping_status":"closed","template":"template-full-width.php","meta":{"footnotes":""},"class_list":["post-113","page","type-page","status-publish","hentry"],"_links":{"self":[{"href":"https:\/\/kreativ-mit-sinn.de\/index.php?rest_route=\/wp\/v2\/pages\/113","targetHints":{"allow":["GET"]}}],"collection":[{"href":"https:\/\/kreativ-mit-sinn.de\/index.php?rest_route=\/wp\/v2\/pages"}],"about":[{"href":"https:\/\/kreativ-mit-sinn.de\/index.php?rest_route=\/wp\/v2\/types\/page"}],"author":[{"embeddable":true,"href":"https:\/\/kreativ-mit-sinn.de\/index.php?rest_route=\/wp\/v2\/users\/1"}],"replies":[{"embeddable":true,"href":"https:\/\/kreativ-mit-sinn.de\/index.php?rest_route=%2Fwp%2Fv2%2Fcomments&post=113"}],"version-history":[{"count":7,"href":"https:\/\/kreativ-mit-sinn.de\/index.php?rest_route=\/wp\/v2\/pages\/113\/revisions"}],"predecessor-version":[{"id":437,"href":"https:\/\/kreativ-mit-sinn.de\/index.php?rest_route=\/wp\/v2\/pages\/113\/revisions\/437"}],"up":[{"embeddable":true,"href":"https:\/\/kreativ-mit-sinn.de\/index.php?rest_route=\/wp\/v2\/pages\/41"}],"wp:attachment":[{"href":"https:\/\/kreativ-mit-sinn.de\/index.php?rest_route=%2Fwp%2Fv2%2Fmedia&parent=113"}],"curies":[{"name":"wp","href":"https:\/\/api.w.org\/{rel}","templated":true}]}}