{"id":16,"date":"2016-07-31T22:33:13","date_gmt":"2016-07-31T22:33:13","guid":{"rendered":"http:\/\/kreativ-mit-sinn.de\/?page_id=16"},"modified":"2024-06-02T22:28:32","modified_gmt":"2024-06-02T22:28:32","slug":"kreativ-mit-sinn","status":"publish","type":"page","link":"https:\/\/kreativ-mit-sinn.de\/","title":{"rendered":"Home"},"content":{"rendered":"<h3 style=\"text-align: center;\">Das ganz Eigene entdecken, wertsch\u00e4tzen und kreativ gestalten<\/h3>\n<p>&nbsp;<\/p>\n<h5 style=\"text-align: center;\">Sie m\u00f6chten sich wertvoller f\u00fchlen?<\/h5>\n<h5 style=\"text-align: center;\">Ihre innere St\u00e4rke entwickeln?<\/h5>\n<h5 style=\"text-align: center;\">Raum f\u00fcr das ganz Eigene?<\/h5>\n<h5 style=\"text-align: center;\">in Ihrem Tempo?<\/h5>\n<p>&nbsp;<\/p>\n<h5 style=\"text-align: center;\"><\/h5>\n<h5 style=\"text-align: center;\">Ich unterst\u00fctze und inspiriere Kinder und Frauen darin<\/h5>\n<h5 style=\"text-align: center;\">mit Gef\u00fchl<\/h5>\n<h5 style=\"text-align: center;\">mit kreativen Methoden<\/h5>\n<h5 style=\"text-align: center;\">in Workshops und Gespr\u00e4chen<\/h5>\n<h5 style=\"text-align: center;\"><\/h5>\n<p>&nbsp;<\/p>\n<p>&nbsp;<\/p>\n<p>&nbsp;<\/p>\n<p>&nbsp;<\/p>\n","protected":false},"excerpt":{"rendered":"<p>Das ganz Eigene entdecken, wertsch\u00e4tzen und kreativ gestalten &nbsp; Sie m\u00f6chten sich wertvoller f\u00fchlen? Ihre innere St\u00e4rke entwickeln? Raum f\u00fcr das ganz Eigene? in Ihrem Tempo? &nbsp; Ich unterst\u00fctze und inspiriere Kinder und Frauen darin mit Gef\u00fchl mit kreativen Methoden in Workshops und Gespr\u00e4chen &nbsp; &nbsp; &nbsp; &nbsp;<\/p>\n","protected":false},"author":1,"featured_media":0,"parent":0,"menu_order":1,"comment_status":"closed","ping_status":"closed","template":"","meta":{"footnotes":""},"class_list":["post-16","page","type-page","status-publish","hentry"],"_links":{"self":[{"href":"https:\/\/kreativ-mit-sinn.de\/index.php?rest_route=\/wp\/v2\/pages\/16","targetHints":{"allow":["GET"]}}],"collection":[{"href":"https:\/\/kreativ-mit-sinn.de\/index.php?rest_route=\/wp\/v2\/pages"}],"about":[{"href":"https:\/\/kreativ-mit-sinn.de\/index.php?rest_route=\/wp\/v2\/types\/page"}],"author":[{"embeddable":true,"href":"https:\/\/kreativ-mit-sinn.de\/index.php?rest_route=\/wp\/v2\/users\/1"}],"replies":[{"embeddable":true,"href":"https:\/\/kreativ-mit-sinn.de\/index.php?rest_route=%2Fwp%2Fv2%2Fcomments&post=16"}],"version-history":[{"count":17,"href":"https:\/\/kreativ-mit-sinn.de\/index.php?rest_route=\/wp\/v2\/pages\/16\/revisions"}],"predecessor-version":[{"id":487,"href":"https:\/\/kreativ-mit-sinn.de\/index.php?rest_route=\/wp\/v2\/pages\/16\/revisions\/487"}],"wp:attachment":[{"href":"https:\/\/kreativ-mit-sinn.de\/index.php?rest_route=%2Fwp%2Fv2%2Fmedia&parent=16"}],"curies":[{"name":"wp","href":"https:\/\/api.w.org\/{rel}","templated":true}]}}