{"id":39,"date":"2016-08-02T21:52:59","date_gmt":"2016-08-02T21:52:59","guid":{"rendered":"http:\/\/kreativ-mit-sinn.de\/?page_id=39"},"modified":"2022-06-08T22:00:21","modified_gmt":"2022-06-08T22:00:21","slug":"koerperarbeit","status":"publish","type":"page","link":"https:\/\/kreativ-mit-sinn.de\/?page_id=39","title":{"rendered":"Angebot allgemein"},"content":{"rendered":"<p><strong>Kreative Themen-Workshops f\u00fcr Einzelpersonen<\/strong><\/p>\n<p>f\u00fcr Kinder ab 6 Jahre, Jugendliche und Frauen<\/p>\n<p>bei Ihnen daheim<\/p>\n<p>und f\u00fcr Frauen auch in der Natur, wenn das Wetter daf\u00fcr geeignet ist<\/p>\n<p>Details unter <a href=\"https:\/\/kreativ-mit-sinn.de\/?page_id=294\">Formales<\/a> und <a href=\"https:\/\/kreativ-mit-sinn.de\/?page_id=41\">Angebot<\/a><\/p>\n<p>&nbsp;<\/p>\n<p><strong>Kreative und bewegte Themen-Workshops f\u00fcr Frauen<\/strong><\/p>\n<p><strong>\u00a0<\/strong>an verschiedenen Orten<\/p>\n<p>Details in <a href=\"https:\/\/kreativ-mit-sinn.de\/?page_id=6\">Aktuelles<\/a><\/p>\n","protected":false},"excerpt":{"rendered":"<p>Kreative Themen-Workshops f\u00fcr Einzelpersonen f\u00fcr Kinder ab 6 Jahre, Jugendliche und Frauen bei Ihnen daheim und f\u00fcr Frauen auch in der Natur, wenn das Wetter daf\u00fcr geeignet ist Details unter Formales und Angebot &nbsp; Kreative und bewegte Themen-Workshops f\u00fcr Frauen \u00a0an verschiedenen Orten Details in Aktuelles<\/p>\n","protected":false},"author":1,"featured_media":0,"parent":41,"menu_order":4,"comment_status":"closed","ping_status":"closed","template":"template-full-width.php","meta":{"footnotes":""},"class_list":["post-39","page","type-page","status-publish","hentry"],"_links":{"self":[{"href":"https:\/\/kreativ-mit-sinn.de\/index.php?rest_route=\/wp\/v2\/pages\/39","targetHints":{"allow":["GET"]}}],"collection":[{"href":"https:\/\/kreativ-mit-sinn.de\/index.php?rest_route=\/wp\/v2\/pages"}],"about":[{"href":"https:\/\/kreativ-mit-sinn.de\/index.php?rest_route=\/wp\/v2\/types\/page"}],"author":[{"embeddable":true,"href":"https:\/\/kreativ-mit-sinn.de\/index.php?rest_route=\/wp\/v2\/users\/1"}],"replies":[{"embeddable":true,"href":"https:\/\/kreativ-mit-sinn.de\/index.php?rest_route=%2Fwp%2Fv2%2Fcomments&post=39"}],"version-history":[{"count":6,"href":"https:\/\/kreativ-mit-sinn.de\/index.php?rest_route=\/wp\/v2\/pages\/39\/revisions"}],"predecessor-version":[{"id":402,"href":"https:\/\/kreativ-mit-sinn.de\/index.php?rest_route=\/wp\/v2\/pages\/39\/revisions\/402"}],"up":[{"embeddable":true,"href":"https:\/\/kreativ-mit-sinn.de\/index.php?rest_route=\/wp\/v2\/pages\/41"}],"wp:attachment":[{"href":"https:\/\/kreativ-mit-sinn.de\/index.php?rest_route=%2Fwp%2Fv2%2Fmedia&parent=39"}],"curies":[{"name":"wp","href":"https:\/\/api.w.org\/{rel}","templated":true}]}}