{"id":450,"date":"2024-05-22T15:56:26","date_gmt":"2024-05-22T15:56:26","guid":{"rendered":"https:\/\/kreativ-mit-sinn.de\/?page_id=450"},"modified":"2025-11-07T19:55:20","modified_gmt":"2025-11-07T19:55:20","slug":"workshop-projekt-fuer-frauen-selbstwert-staerken","status":"publish","type":"page","link":"https:\/\/kreativ-mit-sinn.de\/?page_id=450","title":{"rendered":"Workshop-Projekt f\u00fcr Frauen &#8222;Selbstwert st\u00e4rken&#8220;"},"content":{"rendered":"<h4><strong>\u00a0\u00a0\u00a0\u00a0\u00a0\u00a0\u00a0\u00a0\u00a0\u00a0\u00a0\u00a0\u00a0\u00a0\u00a0\u00a0\u00a0\u00a0\u00a0\u00a0\u00a0\u00a0\u00a0\u00a0\u00a0\u00a0\u00a0\u00a0\u00a0\u00a0\u00a0<\/strong><\/h4>\n<h4 style=\"text-align: center;\"><strong>Sie m\u00f6chten <\/strong><\/h4>\n<h4 style=\"text-align: center;\">sich Ihres eigenen Wertes bewusst sein?<\/h4>\n<h4 style=\"text-align: center;\">Ihre innere St\u00e4rke entwickeln?<\/h4>\n<h4 style=\"text-align: center;\">sich mehr trauen?<\/h4>\n<h4 style=\"text-align: center;\">sich aufrichten?<\/h4>\n<h4 style=\"text-align: center;\">Ihrer W\u00fcrde gem\u00e4\u00df leben?<\/h4>\n<p>&nbsp;<\/p>\n<p style=\"text-align: center;\"><img loading=\"lazy\" decoding=\"async\" class=\"size-full wp-image-448 alignnone\" src=\"http:\/\/kreativ-mit-sinn.de\/wp-content\/uploads\/2024\/05\/B01-250.jpg\" alt=\"\" width=\"250\" height=\"250\" srcset=\"https:\/\/kreativ-mit-sinn.de\/wp-content\/uploads\/2024\/05\/B01-250.jpg 250w, https:\/\/kreativ-mit-sinn.de\/wp-content\/uploads\/2024\/05\/B01-250-150x150.jpg 150w\" sizes=\"auto, (max-width: 250px) 100vw, 250px\" \/><\/p>\n<h4 style=\"text-align: center;\"><strong>\u00a0\u00a0\u00a0\u00a0\u00a0\u00a0\u00a0\u00a0\u00a0\u00a0\u00a0\u00a0\u00a0\u00a0\u00a0\u00a0\u00a0\u00a0\u00a0\u00a0\u00a0\u00a0\u00a0\u00a0\u00a0\u00a0\u00a0\u00a0\u00a0\u00a0\u00a0\u00a0\u00a0\u00a0\u00a0\u00a0\u00a0\u00a0\u00a0\u00a0\u00a0\u00a0\u00a0 <\/strong><\/h4>\n<h4><\/h4>\n<h4 style=\"text-align: center;\"><strong>Workshop-Projekt f\u00fcr Frauen\u00a0 <\/strong><\/h4>\n<h4 style=\"text-align: center;\"><strong>\u00a0\u201eSelbstwert und Identit\u00e4t st\u00e4rken \u2013 kreativ und mit Gef\u00fchl\u201c <\/strong><\/h4>\n<h4 style=\"text-align: center;\"><strong>\u00a0<\/strong><\/h4>\n<h5><strong>Themen<\/strong><\/h5>\n<p>1 aktuelle Situation<\/p>\n<p>2 W\u00fcnsche f\u00fcr die Zukunft<\/p>\n<p>3 Werte und Grundorientierung<\/p>\n<p>4 Gef\u00fchle und Herzzentrum<\/p>\n<p>5 K\u00f6rper und innere St\u00e4rke<\/p>\n<p>6 Mut und Res\u00fcmee<\/p>\n<p>&nbsp;<\/p>\n<h4><strong>Durch vielseitige Inspirationen, genaues Schauen, klarere Orientierung, neue Ideen, innere Bewegung, Austausch und Ermutigung wird Ihr Selbstwert gest\u00e4rkt.<\/strong><\/h4>\n<p>&nbsp;<\/p>\n<p>sechs Abende von 19.00 bis 21.30 Uhr<\/p>\n<p>in drei Monaten Herbst \u2013 Winter 2024<\/p>\n<p>Regensburg<\/p>\n<p>nur zusammen zu buchen<\/p>\n<p>&nbsp;<\/p>\n<p>im Vorfeld ein<strong> Mini\u2013Workshop<\/strong> zum Kennenlernen und Entscheiden<\/p>\n<p>begleitend zum Projekt sind <strong>Einzelgespr\u00e4che <\/strong>m\u00f6glich<\/p>\n<p><strong> <img loading=\"lazy\" decoding=\"async\" class=\"alignnone wp-image-517\" src=\"http:\/\/kreativ-mit-sinn.de\/wp-content\/uploads\/2025\/11\/sw01.jpg\" alt=\"\" width=\"450\" height=\"300\" srcset=\"https:\/\/kreativ-mit-sinn.de\/wp-content\/uploads\/2025\/11\/sw01.jpg 600w, https:\/\/kreativ-mit-sinn.de\/wp-content\/uploads\/2025\/11\/sw01-300x200.jpg 300w\" sizes=\"auto, (max-width: 450px) 100vw, 450px\" \/><\/strong><\/p>\n<h5><strong>Inhalte<\/strong><\/h5>\n<p>1<\/p>\n<p>Der Beginn: <strong>Wer bin ich?<\/strong><\/p>\n<p>eine Ann\u00e4herung mit einer leichten Vorstellungsrunde, einem eigenen Namensbild und einem ersten Austausch<\/p>\n<p>2<\/p>\n<p><strong>Was w\u00fcnsche ich mir?<\/strong><\/p>\n<p>Sie gestalten eine Collage aus Zeitungen, davon inspiriert fassen sie ihre W\u00fcnsche in eigene Worte und erz\u00e4hlen etwas davon<\/p>\n<p>3<\/p>\n<p><strong>Was ist mir wichtig?<\/strong> Was sch\u00e4tze ich wert?<\/p>\n<p>Sie w\u00e4hlen noch einmal neu ihre wichtigsten Werte aus, halten sie fest zu ihrer weiteren Orientierung und kreieren einen eigenen Baum Ihrer Werte und \u00dcberzeugungen<\/p>\n<p>4<\/p>\n<p><strong>Wie geht es meinem Herzen?<\/strong> Was erz\u00e4hlt es mir? Was braucht es?<\/p>\n<p>dahin f\u00fchrt eine kreativ-meditative K\u00f6rperinnenreise, davon \u201egespeist\u201c folgt eine kreative herzvolle Gestaltung und etwas Bewegung zu Musik<\/p>\n<p>5<\/p>\n<p><strong>Wie stark m\u00f6chte ich sein?<\/strong><\/p>\n<p>jede Frau entwickelt ihren ganz pers\u00f6nlichen Tanz der inneren St\u00e4rke, weckt damit Erkenntnisse und Erfahrungen durch ihr direktes K\u00f6rpererleben auf einer nochmal anderen Ebene<\/p>\n<p>nat\u00fcrlich f\u00fchre ich Sie dabei Schritt f\u00fcr Schritt<\/p>\n<p>6<\/p>\n<p><strong>Was mache ich jetzt draus?<\/strong><\/p>\n<p>Sie gestalten ein kleines Objekt, das sie weiter ermutigt und begleitet, und schreiben f\u00fcr sich ein eigenes Res\u00fcmee dieser Workshop-Zeit<\/p>\n<p>und bestimmt m\u00f6gen sie ein bisschen was davon mit uns anderen Frauen teilen<\/p>\n<p>Ich freue mich darauf!<\/p>\n<p>&nbsp;<\/p>\n<h5><strong>Pausen<\/strong><\/h5>\n<p>an jedem Workshop-Abend findet zu jeweils passender Zeit eine kleine Tee-Pause von etwa 20 Minuten statt<\/p>\n<p><img loading=\"lazy\" decoding=\"async\" class=\"alignnone wp-image-518\" src=\"http:\/\/kreativ-mit-sinn.de\/wp-content\/uploads\/2025\/11\/sw02.jpg\" alt=\"\" width=\"300\" height=\"450\" srcset=\"https:\/\/kreativ-mit-sinn.de\/wp-content\/uploads\/2025\/11\/sw02.jpg 400w, https:\/\/kreativ-mit-sinn.de\/wp-content\/uploads\/2025\/11\/sw02-200x300.jpg 200w\" sizes=\"auto, (max-width: 300px) 100vw, 300px\" \/><\/p>\n<h5><strong>Wie werden wir arbeiten?<\/strong><\/h5>\n<p>ich leite sie an beim denken, reden, sp\u00fcren, malen, formen, bewegen, schreiben<\/p>\n<p>dabei bleibt stets Spielraum f\u00fcr ihr ganz Eigenes<\/p>\n<p>jede Frau folgt ihrer eigenen Spur und entwickelt ihre eigenen Einsichten, Schritte und Ideen<\/p>\n<p>in behutsamen Schritten<\/p>\n<p>mit Hilfe von kreativen Methoden<\/p>\n<p>Sie halten ihre Ergebnisse schriftlich fest<\/p>\n<p>wir tauschen uns aus<\/p>\n<p>wir inspirieren, kr\u00e4ftigen und beh\u00fcten uns im Miteinander sein<\/p>\n<p>&nbsp;<\/p>\n<h5><strong>Was brauchen Sie?<\/strong><\/h5>\n<p>Sie brauchen keine Vorkenntnisse, sie finden hinein ins kreative Arbeiten und Ausprobieren in ihrer eigenen Zeit<\/p>\n<p>Lassen Sie sich \u00fcberraschen, was dabei entsteht!<\/p>\n<p>Trauen sie sich!<\/p>\n<p>wir werden Sch\u00e4tze heben und entwickeln!<\/p>\n<p><strong>\u00a0<\/strong><\/p>\n<h5><strong>Honorierung <\/strong><\/h5>\n<p>450 \u20ac<\/p>\n<p>vor Workshop-Beginn sende ich Ihnen eine Rechnung zu<\/p>\n<p>Sie k\u00f6nnen \u00fcberweisen oder bar im Workshop bezahlen<\/p>\n<p>Sie k\u00f6nnen auch in drei monatlichen Raten bezahlen<\/p>\n<p><img loading=\"lazy\" decoding=\"async\" class=\"alignnone wp-image-519\" src=\"http:\/\/kreativ-mit-sinn.de\/wp-content\/uploads\/2025\/11\/sw03.jpg\" alt=\"\" width=\"450\" height=\"300\" srcset=\"https:\/\/kreativ-mit-sinn.de\/wp-content\/uploads\/2025\/11\/sw03.jpg 600w, https:\/\/kreativ-mit-sinn.de\/wp-content\/uploads\/2025\/11\/sw03-300x200.jpg 300w\" sizes=\"auto, (max-width: 450px) 100vw, 450px\" \/><\/p>\n<h5><strong>Mini-Workshop <\/strong>im Vorfeld<\/h5>\n<p>eine M\u00f6glichkeit mich und meine Arbeit kennenzulernen<\/p>\n<p>\u201eMeine Bl\u00fcte der Selbstliebe\u201c &#8211; leichtes Malen Schritt f\u00fcr Schritt<\/p>\n<p>ein Abend von 19.15 bis 20.45 Uhr<\/p>\n<p>Regensburg<\/p>\n<p>30\u20ac<\/p>\n<p><strong>\u00a0<\/strong><\/p>\n<h5><strong>Sie m\u00f6chten einen Bereich vertiefen, weiter entwickeln oder genauer betrachten?<\/strong><\/h5>\n<p>wenn Sie m\u00f6chten, k\u00f6nnen sie zum Workshop-Projekt ein oder zwei Einzelgespr\u00e4che dazu buchen<\/p>\n<p>zum besonderen Workshop-Preis von<\/p>\n<p>45\u20ac statt 60\u20ac f\u00fcr 60 Minuten<\/p>\n<p>oder 65\u20ac statt 90\u20ac f\u00fcr 90 Minuten<\/p>\n<p>im Cafe oder in der Natur<\/p>\n<p>&nbsp;<\/p>\n<h5><strong>Wie k\u00f6nnen Sie sich anmelden?<\/strong><\/h5>\n<p>per mail unter <a href=\"mailto:info@kreativ-mit-Sinn.de\">info@kreativ-mit-Sinn.de<\/a><\/p>\n<p>telefonisch unter 09401 \u2013 9 53 93 55<\/p>\n<p>&nbsp;<\/p>\n","protected":false},"excerpt":{"rendered":"<p>\u00a0\u00a0\u00a0\u00a0\u00a0\u00a0\u00a0\u00a0\u00a0\u00a0\u00a0\u00a0\u00a0\u00a0\u00a0\u00a0\u00a0\u00a0\u00a0\u00a0\u00a0\u00a0\u00a0\u00a0\u00a0\u00a0\u00a0\u00a0\u00a0\u00a0\u00a0 Sie m\u00f6chten sich Ihres eigenen Wertes bewusst sein? Ihre innere St\u00e4rke entwickeln? sich mehr trauen? sich aufrichten? Ihrer W\u00fcrde gem\u00e4\u00df leben? &nbsp; \u00a0\u00a0\u00a0\u00a0\u00a0\u00a0\u00a0\u00a0\u00a0\u00a0\u00a0\u00a0\u00a0\u00a0\u00a0\u00a0\u00a0\u00a0\u00a0\u00a0\u00a0\u00a0\u00a0\u00a0\u00a0\u00a0\u00a0\u00a0\u00a0\u00a0\u00a0\u00a0\u00a0\u00a0\u00a0\u00a0\u00a0\u00a0\u00a0\u00a0\u00a0\u00a0\u00a0 Workshop-Projekt f\u00fcr Frauen\u00a0 \u00a0\u201eSelbstwert und Identit\u00e4t st\u00e4rken \u2013 kreativ und mit Gef\u00fchl\u201c \u00a0 Themen 1 aktuelle Situation 2 W\u00fcnsche f\u00fcr die Zukunft 3 Werte und Grundorientierung 4 Gef\u00fchle und Herzzentrum 5 <a class=\"read-more\" href=\"https:\/\/kreativ-mit-sinn.de\/?page_id=450\">mehr<\/a><\/p>\n","protected":false},"author":1,"featured_media":0,"parent":0,"menu_order":0,"comment_status":"closed","ping_status":"closed","template":"","meta":{"footnotes":""},"class_list":["post-450","page","type-page","status-publish","hentry"],"_links":{"self":[{"href":"https:\/\/kreativ-mit-sinn.de\/index.php?rest_route=\/wp\/v2\/pages\/450","targetHints":{"allow":["GET"]}}],"collection":[{"href":"https:\/\/kreativ-mit-sinn.de\/index.php?rest_route=\/wp\/v2\/pages"}],"about":[{"href":"https:\/\/kreativ-mit-sinn.de\/index.php?rest_route=\/wp\/v2\/types\/page"}],"author":[{"embeddable":true,"href":"https:\/\/kreativ-mit-sinn.de\/index.php?rest_route=\/wp\/v2\/users\/1"}],"replies":[{"embeddable":true,"href":"https:\/\/kreativ-mit-sinn.de\/index.php?rest_route=%2Fwp%2Fv2%2Fcomments&post=450"}],"version-history":[{"count":15,"href":"https:\/\/kreativ-mit-sinn.de\/index.php?rest_route=\/wp\/v2\/pages\/450\/revisions"}],"predecessor-version":[{"id":527,"href":"https:\/\/kreativ-mit-sinn.de\/index.php?rest_route=\/wp\/v2\/pages\/450\/revisions\/527"}],"wp:attachment":[{"href":"https:\/\/kreativ-mit-sinn.de\/index.php?rest_route=%2Fwp%2Fv2%2Fmedia&parent=450"}],"curies":[{"name":"wp","href":"https:\/\/api.w.org\/{rel}","templated":true}]}}