{"id":475,"date":"2024-06-02T22:21:16","date_gmt":"2024-06-02T22:21:16","guid":{"rendered":"https:\/\/kreativ-mit-sinn.de\/?page_id=475"},"modified":"2024-06-02T22:21:16","modified_gmt":"2024-06-02T22:21:16","slug":"was-ist-selbstwert","status":"publish","type":"page","link":"https:\/\/kreativ-mit-sinn.de\/?page_id=475","title":{"rendered":"was ist Selbstwert?"},"content":{"rendered":"<p>Selbstwert ist eher ein eigenes Tun und Entwickeln als ein Geschenk, erz\u00e4hlt man sich.<\/p>\n<p>Das glaube ich auch.<\/p>\n<p>Und dies w\u00e4hrt ein Leben lang<\/p>\n<p>und ver\u00e4ndert sich immer wieder neu.<\/p>\n<p>&nbsp;<\/p>\n<p><strong>die Basis: <\/strong><\/p>\n<p>mir und meinem Leben mit Achtung begegnen<\/p>\n<p>mich und mein Leben wichtig nehmen<\/p>\n<p>mein Recht auf Leben und Gl\u00fcck bejahen<\/p>\n<p>mich als Mensch und Wesen wertsch\u00e4tzen<\/p>\n<p>&nbsp;<\/p>\n<p><strong>was st\u00e4rkt meinen Selbstwert?<\/strong><\/p>\n<p>ein Ja zu mir beschlie\u00dfen und entwickeln, das hei\u00dft Annehmen der eigenen Gedanken, Gef\u00fchle, Handlungen und Erfahrungen<\/p>\n<p>ein Herz f\u00fcr mich selbst tragen<\/p>\n<p>eigene Werte w\u00e4hlen und leben<\/p>\n<p>authentisch sein unabh\u00e4ngig von der Reaktion anderer<\/p>\n<p>die eigene Pers\u00f6nlichkeit wie Bed\u00fcrfnisse, W\u00fcnsche, Werte, \u00dcberzeugungen, Bewertungen, ausdr\u00fccken<\/p>\n<p>das Vertrauen, es wert zu sein, diese geltend zu machen<\/p>\n<p>allein und eigenst\u00e4ndig leben, entscheiden und stehen<\/p>\n<p>mein Leben liebevoll in die Hand nehmen<\/p>\n<p>mich f\u00fcr mich und mein Leben engagieren<\/p>\n<p>auf das eigene Denken, Verstehen, Entscheiden und Lernen k\u00f6nnen vertrauen<\/p>\n<p>die eigenen F\u00e4higkeiten voll nutzen<\/p>\n<p>auf Ziele und eine Richtung konzentrieren<\/p>\n<p>sich das Leben zutrauen<\/p>\n<p>sich selbstsicher f\u00fchlen und sein<\/p>\n<p>Freude am selbst sein, wie ein spielender Hund im Garten, der sich nicht misst und vergleicht mit anderen<\/p>\n<p>ein tiefes Ja zu mir und wer ich bin und wie ich bin im Kern, auch im ganz eigen sein<\/p>\n<p>mich daran erinnern und mir das selber immer wieder sagen<\/p>\n<p>die Dinge des Lebens mit Herz und Gef\u00fchl tun<\/p>\n<p>mich selbst liebevoll behandeln<\/p>\n<p>mich aufrecht und w\u00fcrdig wie eine K\u00f6nigin f\u00fchlen, den Kopf hoch tragen, mit unsichtbarer Krone auf dem Haupte<\/p>\n<p>&nbsp;<\/p>\n<p><strong>Zeichen f\u00fcr wenig Selbstwert und Selbstachtung <\/strong><\/p>\n<p>Komplimente abwehren<\/p>\n<p>perfekt sein wollen<\/p>\n<p>nie genug sein und tun<\/p>\n<p>Kritik schwer ertragen k\u00f6nnen<\/p>\n<p>Teile von sich inakzeptabel finden<\/p>\n<p>&nbsp;<\/p>\n<p>das eigene Wohlergehen nicht so wichtig nehmen<\/p>\n<p>nach fremden Ma\u00dfst\u00e4ben leben<\/p>\n<p>sich unterwerfen und oder aufopfern<\/p>\n<p>&nbsp;<\/p>\n<p>die eigenen Gedanken, Werte, Gef\u00fchle im t\u00e4glichen Leben verf\u00e4lschen oder unterdr\u00fccken<\/p>\n<p>bestimmte Aspekte von sich selbst leugnen, um anderen zu gefallen<\/p>\n<p>sich nicht trauen, die eigene Meinung zu sagen und zu vertreten<\/p>\n<p>angespannt reden und sich bewegen<\/p>\n<p>sich nicht zeigen trauen, wie frau gerade ist<\/p>\n<p>&nbsp;<\/p>\n<p>sich dem Leben nicht gewachsen f\u00fchlen<\/p>\n<p>das Gef\u00fchl, ein Opfer zu sein<\/p>\n<p>Leben besteht aus Versagen und oder Verzicht<\/p>\n<p>weniger beruflicher Erfolg als frau gern h\u00e4tte<\/p>\n<p>&nbsp;<\/p>\n<p>in Stresssituationen schnell die innere Harmonie und W\u00fcrde verlieren<\/p>\n<p>&nbsp;<\/p>\n<p>sich von Angst und Unsicherheit \u00fcberw\u00e4ltigt f\u00fchlen<\/p>\n<p>keine Freude am eigenen Leben oder der eigenen Person<\/p>\n<p>&nbsp;<\/p>\n<p><strong>Wirkung von mehr Selbstwert und Achtung:<\/strong><\/p>\n<p>zuversichtlicher, optimistischer, selbstsicherer, selbstbewusster sein<\/p>\n<p>sich wertsch\u00e4tzen<\/p>\n<p>sich liebevoll behandeln<\/p>\n<p>mehr den Tag genie\u00dfen k\u00f6nnen und Freude am eigenen Leben haben<\/p>\n<p>nur so gelassen das Leben str\u00f6men lassen k\u00f6nnen<\/p>\n<p>leichter mit Schwierigkeiten umgehen k\u00f6nnen<\/p>\n<p>zufriedener sein<\/p>\n<p>sich nicht so leicht unterkriegen lassen von Verzweiflung oder Niederlagen<\/p>\n<p>&nbsp;<\/p>\n<p>auch andere leichter mit Respekt, Wohlwollen und Verst\u00e4ndnis behandeln<\/p>\n<p>mehr in Frieden mit sich und anderen leben<\/p>\n<p>&nbsp;<\/p>\n<p>mehr Mut zu Kreativit\u00e4t<\/p>\n<p>mehr im Leben erreichen wollen (Beruf, Materielles, Tiefe der emotionalen, kreativen, spirituellen Erfahrungen)<\/p>\n<p>befriedigendere Beziehungen<\/p>\n<p>gro\u00dfz\u00fcgiger sein k\u00f6nnen<\/p>\n<p>&nbsp;<\/p>\n<p>diese Zusammenfassung ist auch inspiriert von Nathaniel Branden \u201eDie sechs S\u00e4ulen des Selbstwertgef\u00fchls\u201c von 1994, nicht recht modern, aber sehr klar, greifbar, umfassend und gut strukturiert, mit gutem Tiefenblick<\/p>\n<p>&nbsp;<\/p>\n<p>ich finde<\/p>\n<p>am st\u00e4rksten wirkt<\/p>\n<p>sich bejahen,<\/p>\n<p>von Grund auf<\/p>\n<p>und durch und durch,<\/p>\n<p>immer wieder neu,<\/p>\n<p>ein Leben lang<\/p>\n","protected":false},"excerpt":{"rendered":"<p>Selbstwert ist eher ein eigenes Tun und Entwickeln als ein Geschenk, erz\u00e4hlt man sich. Das glaube ich auch. Und dies w\u00e4hrt ein Leben lang und ver\u00e4ndert sich immer wieder neu. &nbsp; die Basis: mir und meinem Leben mit Achtung begegnen mich und mein Leben wichtig nehmen mein Recht auf Leben und Gl\u00fcck bejahen mich als <a class=\"read-more\" href=\"https:\/\/kreativ-mit-sinn.de\/?page_id=475\">mehr<\/a><\/p>\n","protected":false},"author":1,"featured_media":0,"parent":473,"menu_order":0,"comment_status":"closed","ping_status":"closed","template":"","meta":{"footnotes":""},"class_list":["post-475","page","type-page","status-publish","hentry"],"_links":{"self":[{"href":"https:\/\/kreativ-mit-sinn.de\/index.php?rest_route=\/wp\/v2\/pages\/475","targetHints":{"allow":["GET"]}}],"collection":[{"href":"https:\/\/kreativ-mit-sinn.de\/index.php?rest_route=\/wp\/v2\/pages"}],"about":[{"href":"https:\/\/kreativ-mit-sinn.de\/index.php?rest_route=\/wp\/v2\/types\/page"}],"author":[{"embeddable":true,"href":"https:\/\/kreativ-mit-sinn.de\/index.php?rest_route=\/wp\/v2\/users\/1"}],"replies":[{"embeddable":true,"href":"https:\/\/kreativ-mit-sinn.de\/index.php?rest_route=%2Fwp%2Fv2%2Fcomments&post=475"}],"version-history":[{"count":1,"href":"https:\/\/kreativ-mit-sinn.de\/index.php?rest_route=\/wp\/v2\/pages\/475\/revisions"}],"predecessor-version":[{"id":476,"href":"https:\/\/kreativ-mit-sinn.de\/index.php?rest_route=\/wp\/v2\/pages\/475\/revisions\/476"}],"up":[{"embeddable":true,"href":"https:\/\/kreativ-mit-sinn.de\/index.php?rest_route=\/wp\/v2\/pages\/473"}],"wp:attachment":[{"href":"https:\/\/kreativ-mit-sinn.de\/index.php?rest_route=%2Fwp%2Fv2%2Fmedia&parent=475"}],"curies":[{"name":"wp","href":"https:\/\/api.w.org\/{rel}","templated":true}]}}