{"id":477,"date":"2024-06-02T22:21:57","date_gmt":"2024-06-02T22:21:57","guid":{"rendered":"https:\/\/kreativ-mit-sinn.de\/?page_id=477"},"modified":"2024-06-02T22:21:57","modified_gmt":"2024-06-02T22:21:57","slug":"selbstwert-und-ich","status":"publish","type":"page","link":"https:\/\/kreativ-mit-sinn.de\/?page_id=477","title":{"rendered":"Selbstwert und ich"},"content":{"rendered":"<p>Selbstbewusstsein, Selbstwertgef\u00fchl, sich selbst entdecken, wachsen, zu sich selbst stehen lernen sind essentielle Themen f\u00fcr mich, mein Leben lang.<\/p>\n<p>Inspiriert bin ich auch von meiner Mutter und meiner Gro\u00dfmutter. Mit ihnen habe ich gesehen, was passiert mit \u201eschwachen\u201c Frauen. Wie gut es Ihnen getan h\u00e4tte, wenn Sie mehr Selbstverst\u00e4ndnis, mehr Wohlwollen f\u00fcr ihre eigene Person, mehr Zutrauen, mehr Ermutigung und auch mehr Frieden mit sich selbst entwickeln h\u00e4tten k\u00f6nnen und dabei unterst\u00fctzt worden w\u00e4ren. Wie es ihr Leben h\u00e4tte ver\u00e4ndern k\u00f6nnen. Und wie dies im Sinne von uns allen steht.<\/p>\n<p>So wie es mir in der Tiefe mitgegeben wurde, wollte ich mich nicht mehr f\u00fchlen.<\/p>\n<p>Selbst bin ich in diesem Zusammenhang sehr viele Schritte gegangen.<\/p>\n<p>Ganz neu \u00fcber mich denken und f\u00fchlen gelernt habe ich vor allem in meinen Ausbildungen bei der Zukunftswerkstatt therapie kreativ mit ihrem so au\u00dferordentlichen Menschenbild, freiheitlich und absolut achtend, weisen Menschen, insbesondere der T\u00e4nzerin und Forscherin Anneke Wittermans aus den Niederlanden mit Ihrem einzigartigen Urtanz, vertrauenden Freundschaften und inspirierender Kunst und Literatur.<\/p>\n<p>Gest\u00e4rkt und ermutigt haben mich immer auch kreativer Tanz, Embodiment, wie die Feldenkrais-Methode, Atemtherapie nach Herta Richter, Continuum Movement, kreatives Gestalten und Schreiben.<\/p>\n<p>Das zutiefst Annehmende hat mich dabei am meisten gepr\u00e4gt, und mir im Grunde erst die tief innere Erlaubnis gegeben, mit leben zu beginnen, und dies h\u00f6rt nie auf in meinem Leben.<\/p>\n<p>&nbsp;<\/p>\n<p>\u201eWas ist, das ist.<\/p>\n<p>Was ist, darf sein.<\/p>\n<p>Was sein darf, kann sich verwandeln.\u201c<\/p>\n<p>Seelisches Grundgesetz nach Melanie Wolfers<\/p>\n","protected":false},"excerpt":{"rendered":"<p>Selbstbewusstsein, Selbstwertgef\u00fchl, sich selbst entdecken, wachsen, zu sich selbst stehen lernen sind essentielle Themen f\u00fcr mich, mein Leben lang. Inspiriert bin ich auch von meiner Mutter und meiner Gro\u00dfmutter. Mit ihnen habe ich gesehen, was passiert mit \u201eschwachen\u201c Frauen. Wie gut es Ihnen getan h\u00e4tte, wenn Sie mehr Selbstverst\u00e4ndnis, mehr Wohlwollen f\u00fcr ihre eigene Person, <a class=\"read-more\" href=\"https:\/\/kreativ-mit-sinn.de\/?page_id=477\">mehr<\/a><\/p>\n","protected":false},"author":1,"featured_media":0,"parent":473,"menu_order":0,"comment_status":"closed","ping_status":"closed","template":"","meta":{"footnotes":""},"class_list":["post-477","page","type-page","status-publish","hentry"],"_links":{"self":[{"href":"https:\/\/kreativ-mit-sinn.de\/index.php?rest_route=\/wp\/v2\/pages\/477","targetHints":{"allow":["GET"]}}],"collection":[{"href":"https:\/\/kreativ-mit-sinn.de\/index.php?rest_route=\/wp\/v2\/pages"}],"about":[{"href":"https:\/\/kreativ-mit-sinn.de\/index.php?rest_route=\/wp\/v2\/types\/page"}],"author":[{"embeddable":true,"href":"https:\/\/kreativ-mit-sinn.de\/index.php?rest_route=\/wp\/v2\/users\/1"}],"replies":[{"embeddable":true,"href":"https:\/\/kreativ-mit-sinn.de\/index.php?rest_route=%2Fwp%2Fv2%2Fcomments&post=477"}],"version-history":[{"count":1,"href":"https:\/\/kreativ-mit-sinn.de\/index.php?rest_route=\/wp\/v2\/pages\/477\/revisions"}],"predecessor-version":[{"id":478,"href":"https:\/\/kreativ-mit-sinn.de\/index.php?rest_route=\/wp\/v2\/pages\/477\/revisions\/478"}],"up":[{"embeddable":true,"href":"https:\/\/kreativ-mit-sinn.de\/index.php?rest_route=\/wp\/v2\/pages\/473"}],"wp:attachment":[{"href":"https:\/\/kreativ-mit-sinn.de\/index.php?rest_route=%2Fwp%2Fv2%2Fmedia&parent=477"}],"curies":[{"name":"wp","href":"https:\/\/api.w.org\/{rel}","templated":true}]}}