{"id":85,"date":"2016-08-03T20:24:20","date_gmt":"2016-08-03T20:24:20","guid":{"rendered":"http:\/\/kreativ-mit-sinn.de\/?page_id=85"},"modified":"2022-07-11T21:18:56","modified_gmt":"2022-07-11T21:18:56","slug":"berufliches","status":"publish","type":"page","link":"https:\/\/kreativ-mit-sinn.de\/?page_id=85","title":{"rendered":"Ausbildungen"},"content":{"rendered":"<p><img loading=\"lazy\" decoding=\"async\" class=\"alignleft wp-image-136 size-full\" src=\"http:\/\/kreativ-mit-sinn.de\/wp-content\/uploads\/2016\/08\/natur.jpg\" alt=\"\" width=\"300\" height=\"300\" srcset=\"https:\/\/kreativ-mit-sinn.de\/wp-content\/uploads\/2016\/08\/natur.jpg 300w, https:\/\/kreativ-mit-sinn.de\/wp-content\/uploads\/2016\/08\/natur-150x150.jpg 150w\" sizes=\"auto, (max-width: 300px) 100vw, 300px\" \/>kreative leiborientierte Tanz- und Bewegungstherapeutin in Kombination mit kunsttherapeutischen Elementen bei der Zukunftswerkstatt therapie kreativ (Zkw-tk) Duisburg<\/p>\n<p>leiborientierte Kreativtherapeutin f\u00fcr Kinder, Jugendliche und Familien (Zkw-tk)<\/p>\n<p>Fachtherapeutin f\u00fcr besonders belastete und traumatisierte Kinder und Jugendliche (Zkw-tk)<\/p>\n<p>Masseurin und medizinische Bademeisterin, Lymphtherapeutin, Therapeutic Touch Practitioner<\/p>\n<p>Fortbildungen und Selbststudien in K\u00f6rper-, Bewegungs-, Tanz-, Kreativ- und Prozessarbeit<\/p>\n<p>im Moment erste Erfahrungen mit Heileurythmie und erneute Besch\u00e4ftigung mit Body-Mind-Centering nach Bonnie Bainbridge Cohen<\/p>\n<p>es begleitet mich auch stets die Atemtherapie nach Herta Richter, die ich besonders sch\u00e4tze wegen Ihrer (meist) sanftm\u00fctigen und feinf\u00fchlenden Art und Ihrer sch\u00f6nen Sprache<\/p>\n<p>&nbsp;<\/p>\n","protected":false},"excerpt":{"rendered":"<p>kreative leiborientierte Tanz- und Bewegungstherapeutin in Kombination mit kunsttherapeutischen Elementen bei der Zukunftswerkstatt therapie kreativ (Zkw-tk) Duisburg leiborientierte Kreativtherapeutin f\u00fcr Kinder, Jugendliche und Familien (Zkw-tk) Fachtherapeutin f\u00fcr besonders belastete und traumatisierte Kinder und Jugendliche (Zkw-tk) Masseurin und medizinische Bademeisterin, Lymphtherapeutin, Therapeutic Touch Practitioner Fortbildungen und Selbststudien in K\u00f6rper-, Bewegungs-, Tanz-, Kreativ- und Prozessarbeit im Moment <a class=\"read-more\" href=\"https:\/\/kreativ-mit-sinn.de\/?page_id=85\">mehr<\/a><\/p>\n","protected":false},"author":1,"featured_media":0,"parent":43,"menu_order":0,"comment_status":"closed","ping_status":"closed","template":"template-full-width.php","meta":{"footnotes":""},"class_list":["post-85","page","type-page","status-publish","hentry"],"_links":{"self":[{"href":"https:\/\/kreativ-mit-sinn.de\/index.php?rest_route=\/wp\/v2\/pages\/85","targetHints":{"allow":["GET"]}}],"collection":[{"href":"https:\/\/kreativ-mit-sinn.de\/index.php?rest_route=\/wp\/v2\/pages"}],"about":[{"href":"https:\/\/kreativ-mit-sinn.de\/index.php?rest_route=\/wp\/v2\/types\/page"}],"author":[{"embeddable":true,"href":"https:\/\/kreativ-mit-sinn.de\/index.php?rest_route=\/wp\/v2\/users\/1"}],"replies":[{"embeddable":true,"href":"https:\/\/kreativ-mit-sinn.de\/index.php?rest_route=%2Fwp%2Fv2%2Fcomments&post=85"}],"version-history":[{"count":11,"href":"https:\/\/kreativ-mit-sinn.de\/index.php?rest_route=\/wp\/v2\/pages\/85\/revisions"}],"predecessor-version":[{"id":423,"href":"https:\/\/kreativ-mit-sinn.de\/index.php?rest_route=\/wp\/v2\/pages\/85\/revisions\/423"}],"up":[{"embeddable":true,"href":"https:\/\/kreativ-mit-sinn.de\/index.php?rest_route=\/wp\/v2\/pages\/43"}],"wp:attachment":[{"href":"https:\/\/kreativ-mit-sinn.de\/index.php?rest_route=%2Fwp%2Fv2%2Fmedia&parent=85"}],"curies":[{"name":"wp","href":"https:\/\/api.w.org\/{rel}","templated":true}]}}